{"id":3385,"date":"2022-11-03T10:34:26","date_gmt":"2022-11-03T09:34:26","guid":{"rendered":"https:\/\/turmares.premiumservicios.dev\/home\/"},"modified":"2025-02-13T22:12:49","modified_gmt":"2025-02-13T21:12:49","slug":"home","status":"publish","type":"page","link":"https:\/\/turmares.premiumservicios.dev\/de\/","title":{"rendered":"Start"},"content":{"rendered":"<h2 class=\"wp-block-heading\">Respektvolle Delfin- und Walbeobachtung in Spanien<br\/><strong>garantiert<\/strong><\/h2>Actividad ideal para <strong>cualquier tipo de p\u00fablico y edad<\/strong>.Visite el Estrecho de Gibraltar <strong>avistando delfines y ballenas en m\u00e1s del 99% de nuestras excursiones<\/strong>.Somos un <strong>equipo pluriling\u00fce<\/strong> de profesionales del mar y bi\u00f3logos.Compartimos nuestros <strong>conocimientos, amor y respeto<\/strong> por estos mam\u00edferos marinos.<figure class=\"wp-block-image size-full\"><img loading=\"lazy\" decoding=\"async\" width=\"1024\" height=\"768\" src=\"https:\/\/turmares.premiumservicios.dev\/wp-content\/uploads\/turmares-delfin-listado-h-3.jpg\" alt=\"\" class=\"wp-image-1129\" srcset=\"https:\/\/turmares.premiumservicios.dev\/wp-content\/uploads\/turmares-delfin-listado-h-3.jpg 1024w, https:\/\/turmares.premiumservicios.dev\/wp-content\/uploads\/turmares-delfin-listado-h-3-768x576.jpg 768w\" sizes=\"auto, (max-width: 1024px) 100vw, 1024px\" \/><\/figure><h3 class=\"wp-block-heading\">{je_fauna_nombre-acortado}<\/h3>+ info<h3 class=\"wp-block-heading\">{je_fauna_nombre-acortado}<\/h3>+ info<h3 class=\"wp-block-heading\">{je_fauna_nombre-acortado}<\/h3>+ info<h3 class=\"wp-block-heading\">{je_fauna_nombre-acortado}<\/h3>+ info<h3 class=\"wp-block-heading\">{je_fauna_nombre-acortado}<\/h3>+ info<h3 class=\"wp-block-heading\">{je_fauna_nombre-acortado}<\/h3>+ info<h3 class=\"wp-block-heading\">{je_fauna_nombre-acortado}<\/h3>+ info<h3 class=\"wp-block-heading\">{post_title}<\/h3><h3 class=\"wp-block-heading\">({je_fauna_nombre-cientifico})<\/h3>{je_fauna_tipo-especie}(post_content)PROBABILIDAD DE AVISTAMIENTOALTA PROBABILIDAD: <span style=\"color:var(--action)\"><strong>{je_fauna_probabilidad-alta-avistamiento}<\/strong><\/span>BAJA PROBABILIDAD: <span style=\"color:var(--action)\"><strong>{je_fauna_probabilidad-baja-avistamiento}<\/strong><\/span><h3 class=\"wp-block-heading\">{post_title}<\/h3><h3 class=\"wp-block-heading\">({je_fauna_nombre-cientifico})<\/h3>{je_fauna_tipo-especie}(post_content)PROBABILIDAD DE AVISTAMIENTOALTA PROBABILIDAD: <span style=\"color:var(--action)\"><strong>{je_fauna_probabilidad-alta-avistamiento}<\/strong><\/span>BAJA PROBABILIDAD: <span style=\"color:var(--action)\"><strong>{je_fauna_probabilidad-baja-avistamiento}<\/strong><\/span><h3 class=\"wp-block-heading\">{post_title}<\/h3><h3 class=\"wp-block-heading\">({je_fauna_nombre-cientifico})<\/h3>{je_fauna_tipo-especie}(post_content)PROBABILIDAD DE AVISTAMIENTOALTA PROBABILIDAD: <span style=\"color:var(--action)\"><strong>{je_fauna_probabilidad-alta-avistamiento}<\/strong><\/span>BAJA PROBABILIDAD: <span style=\"color:var(--action)\"><strong>{je_fauna_probabilidad-baja-avistamiento}<\/strong><\/span><h3 class=\"wp-block-heading\">{post_title}<\/h3><h3 class=\"wp-block-heading\">({je_fauna_nombre-cientifico})<\/h3>{je_fauna_tipo-especie}(post_content)PROBABILIDAD DE AVISTAMIENTOALTA PROBABILIDAD: <span style=\"color:var(--action)\"><strong>{je_fauna_probabilidad-alta-avistamiento}<\/strong><\/span>BAJA PROBABILIDAD: <span style=\"color:var(--action)\"><strong>{je_fauna_probabilidad-baja-avistamiento}<\/strong><\/span><h3 class=\"wp-block-heading\">{post_title}<\/h3><h3 class=\"wp-block-heading\">({je_fauna_nombre-cientifico})<\/h3>{je_fauna_tipo-especie}(post_content)PROBABILIDAD DE AVISTAMIENTOALTA PROBABILIDAD: <span style=\"color:var(--action)\"><strong>{je_fauna_probabilidad-alta-avistamiento}<\/strong><\/span>BAJA PROBABILIDAD: <span style=\"color:var(--action)\"><strong>{je_fauna_probabilidad-baja-avistamiento}<\/strong><\/span><h3 class=\"wp-block-heading\">{post_title}<\/h3><h3 class=\"wp-block-heading\">({je_fauna_nombre-cientifico})<\/h3>{je_fauna_tipo-especie}(post_content)PROBABILIDAD DE AVISTAMIENTOALTA PROBABILIDAD: <span style=\"color:var(--action)\"><strong>{je_fauna_probabilidad-alta-avistamiento}<\/strong><\/span>BAJA PROBABILIDAD: <span style=\"color:var(--action)\"><strong>{je_fauna_probabilidad-baja-avistamiento}<\/strong><\/span><h3 class=\"wp-block-heading\">{post_title}<\/h3><h3 class=\"wp-block-heading\">({je_fauna_nombre-cientifico})<\/h3>{je_fauna_tipo-especie}(post_content)PROBABILIDAD DE AVISTAMIENTOALTA PROBABILIDAD: <span style=\"color:var(--action)\"><strong>{je_fauna_probabilidad-alta-avistamiento}<\/strong><\/span>BAJA PROBABILIDAD: <span style=\"color:var(--action)\"><strong>{je_fauna_probabilidad-baja-avistamiento}<\/strong><\/span>Avistamientos de cet\u00e1ceos respetuosos y <strong>responsables<\/strong>Con nosotros contribuye a la <strong>conservaci\u00f3n<\/strong> de  cet\u00e1ceos y oc\u00e9anosAdaptado para personas con <strong>discapacidad<\/strong>Apto para toda la <strong>familia<\/strong>Personal <strong>pluriling\u00fce<\/strong>, bi\u00f3logos y expertos marinos<strong>Informaci\u00f3n<\/strong> durante y despu\u00e9s de la salidaM\u00e1s del <strong>99%<\/strong>\tde \u00e9xito en\tavistamientos<h2 class=\"has-text-align-left wp-block-heading\">FOTOS VON DER TIERWELT IN DER MEERENGE, AUFGENOMMEN W\u00c4HREND UNSERER TOUREN<\/h2><h2 class=\"wp-block-heading\">Besuchen Sie unsere<br\/>Fotogalerie<\/h2><h3 class=\"has-text-align-center wp-block-heading\">Galerie ansehen<\/h3><h2 class=\"wp-block-heading\">Unsere <strong>Boote<\/strong><\/h2><h3 class=\"wp-block-heading\">{post_title}<\/h3>{post_excerpt}Reserva+ infoYara Flores<p>UNGLAUBLICHES ERLEBNIS<br\/>Wir haben 3 Delfinarten und Pottwale gesehen.<br\/>Viel Sicherheit, viele Informationen und vor allem ein begeistertes Team.<br\/>Danke an Alberto f\u00fcr seinen Enthusiasmus und an die ganze Crew.<br\/>Wir kommen bestimmt wieder.<\/p>Cristina Caro<p>Eine tolle Erfahrung gestern.<br\/>Das Personal war sehr nett, man hat gemerkt, dass es ihnen Spa\u00df macht und sie haben uns \u00fcber alles informiert.<br\/>Wir dachten, wir w\u00fcrden nur ein paar Delfine sehen, aber dank der Bereitschaft des ganzen Teams, uns viele Arten zu zeigen, sahen wir zwei Pottwale, zwei Finnwale, einen Mondfisch und mehrere Delfine!<br\/>Ein unvergessliches Erlebnis!<br\/>Wer Seekrank wird, sollte Biodramina mitnehmen, und einen Pullover auch, aber auf keinen Fall verpassen!<\/p>Food Tracker<p>Es war eine tolle Erfahrung, wir haben 3 Pottwale und verschiedene Delfinarten gesehen.<br\/>Der Service, der Komfort und die Erkl\u00e4rungen waren hervorragend.<br\/>Das Preis-Leistungs-Verh\u00e4ltnis war auch sehr gut.<\/p>Miguel Reyes Ruiz<p>Professionell und gro\u00dfartig, Blanca, unsere Guide, erkl\u00e4rte alles perfekt und Kiko, der Kapit\u00e4n des Bootes, hat uns direkt zu den Pilotwalen gefahren und wir haben auch verschiedene Delfinarten gesehen.<br\/>Sehr zu empfehlen.<\/p><h2 class=\"wp-block-heading\">Ihre <strong>Bewertungen<\/strong><\/h2><h1 class=\"wp-block-heading\">Respektvolle <span style=\"color: #ffcf24\">Delfin- und Walbeobachtung<\/span> in Tarifa<\/h1><h2 class=\"wp-block-heading\">Bootstouren in der Stra\u00dfe von Gibraltar<\/h2><p><strong>{je_datos-empresa_nombre-fiscal}<\/strong> ist der Spezialist f\u00fcr Passagierfahrten und <strong>verantwortungsvolle Wal- und Delfinbeobachtungen<\/strong> in der Stra\u00dfe von Gibraltar.<\/p>\n<p>Mit <strong>regelm\u00e4\u00dfigen Touren und flexiblen Abfahrtszeiten<\/strong> bieten wir ein unvergessliches Erlebnis f\u00fcr alle Natur- und Meeresliebhaber.<\/p>\n<p>Buchen Sie Ihre Tour mit uns und <strong>erleben Sie eine unglaubliche Unterwasserwelt<\/strong> w\u00e4hrend Sie eine <strong>sichere und komfortable Fahrt<\/strong> genie\u00dfen.<\/p>\n<p><strong>Wir freuen uns darauf, den Zauber des Meeres und seiner wunderbaren Bewohner mit Ihnen zu teilen!<\/strong><\/p><p>Unsere modernen Schiffe sind so konstruiert, dass sie mit <strong>geschultem<\/strong> und freundlichem Personal, das bestm\u00f6gliche Erlebnis und eine <strong>angenehme und sichere Fahrt<\/strong> garantieren. Alle unsere Boote sind als <strong>Fahrgastschiffe<\/strong> klassifiziert und werden zur <strong>Personenbef\u00f6rderung<\/strong> eingesetzt.<\/p>\n<p><strong>Unser Unternehmen hat sich auf Seetransporte und hochwertige Touren spezialisiert.<\/strong><\/p><h2 class=\"wp-block-heading\">Der Umwelt <strong>verpflichtet<\/strong><\/h2><p>Unser Engagement f\u00fcr die <strong>Natur und die Arten<\/strong>, die in der Stra\u00dfe von Gibraltar leben, hat h\u00f6chste Priorit\u00e4t.<\/p>\n<p>Wir haben uns auf <strong>verantwortungsvolle Wal- und Delfinbeobachtungstouren<\/strong> spezialisiert und respektieren dabei stets den Lebensraum und das Verhalten dieser gro\u00dfartigen Kreaturen.<\/p>\n<p>Kommen Sie mit an Bord und <strong>erleben Sie die Meeresbewohner aus n\u00e4chster N\u00e4he<\/strong> in ihrer nat\u00fcrlichen Umgebung, ohne ihr \u00d6kosystem zu st\u00f6ren.<\/p>\n<p><strong>Unsere Philosophie basiert auf dem Schutz und dem Respekt der Meere.<\/strong><\/p>\n<p>Alle unsere Aktivit\u00e4ten unterliegen strengen <strong>Umweltauflagen<\/strong>, um sicherzustellen, dass unsere Touren die Tiere in der Stra\u00dfe von Gibraltar <strong>nicht beeintr\u00e4chtigen<\/strong>.<\/p>","protected":false},"excerpt":{"rendered":"<p>Respektvolle Delfin- und Walbeobachtung in Spaniengarantiert Actividad ideal para cualquier tipo de p\u00fablico y edad.Visite el Estrecho de Gibraltar avistando delfines y ballenas en m\u00e1s del 99% de nuestras excursiones.Somos un equipo pluriling\u00fce de profesionales del mar y bi\u00f3logos.Compartimos nuestros conocimientos, amor y respeto por estos mam\u00edferos marinos. {je_fauna_nombre-acortado} + info {je_fauna_nombre-acortado} + info {je_fauna_nombre-acortado} [&hellip;]<\/p>\n","protected":false},"author":2,"featured_media":0,"parent":0,"menu_order":0,"comment_status":"closed","ping_status":"closed","template":"","meta":{"_acf_changed":false,"_joinchat":[],"footnotes":""},"class_list":["post-3385","page","type-page","status-publish","hentry"],"acf":[],"_links":{"self":[{"href":"https:\/\/turmares.premiumservicios.dev\/de\/wp-json\/wp\/v2\/pages\/3385","targetHints":{"allow":["GET"]}}],"collection":[{"href":"https:\/\/turmares.premiumservicios.dev\/de\/wp-json\/wp\/v2\/pages"}],"about":[{"href":"https:\/\/turmares.premiumservicios.dev\/de\/wp-json\/wp\/v2\/types\/page"}],"author":[{"embeddable":true,"href":"https:\/\/turmares.premiumservicios.dev\/de\/wp-json\/wp\/v2\/users\/2"}],"replies":[{"embeddable":true,"href":"https:\/\/turmares.premiumservicios.dev\/de\/wp-json\/wp\/v2\/comments?post=3385"}],"version-history":[{"count":21,"href":"https:\/\/turmares.premiumservicios.dev\/de\/wp-json\/wp\/v2\/pages\/3385\/revisions"}],"predecessor-version":[{"id":4857,"href":"https:\/\/turmares.premiumservicios.dev\/de\/wp-json\/wp\/v2\/pages\/3385\/revisions\/4857"}],"wp:attachment":[{"href":"https:\/\/turmares.premiumservicios.dev\/de\/wp-json\/wp\/v2\/media?parent=3385"}],"curies":[{"name":"wp","href":"https:\/\/api.w.org\/{rel}","templated":true}]}}