{"id":3414,"date":"2023-07-14T07:06:49","date_gmt":"2023-07-14T05:06:49","guid":{"rendered":"https:\/\/turmares.premiumservicios.dev\/wer-wir-sind\/"},"modified":"2025-02-13T22:12:49","modified_gmt":"2025-02-13T21:12:49","slug":"wer-wir-sind","status":"publish","type":"page","link":"https:\/\/turmares.premiumservicios.dev\/de\/wer-wir-sind\/","title":{"rendered":"Wer wir sind"},"content":{"rendered":"<h2 class=\"wp-block-heading\">Unser Team und unsere Geschichte<\/h2><h1 class=\"wp-block-heading\">Lernen Sie uns kennen<\/h1><figure class=\"wp-block-image size-full\"><img loading=\"lazy\" decoding=\"async\" width=\"960\" height=\"580\" src=\"https:\/\/turmares.premiumservicios.dev\/wp-content\/uploads\/nuestra-historia-left.jpg\" alt=\"\" class=\"wp-image-985\" srcset=\"https:\/\/turmares.premiumservicios.dev\/wp-content\/uploads\/nuestra-historia-left.jpg 960w, https:\/\/turmares.premiumservicios.dev\/wp-content\/uploads\/nuestra-historia-left-768x464.jpg 768w\" sizes=\"auto, (max-width: 960px) 100vw, 960px\" \/><\/figure>Los or\u00edgenes de <strong>Turmares<\/strong> se remontan a 1996, cuando uno de los socios fundadores empez\u00f3 a salir en busca de cet\u00e1ceos con los primeros pasajeros. Unos a\u00f1os m\u00e1s tarde, en 1999, la compa\u00f1\u00eda se formaliz\u00f3 y se convirti\u00f3 en <strong>la primera empresa en ofrecer avistamiento de cet\u00e1ceos en el Estrecho de Gibraltar.<\/strong>En <strong>Turmares Tarifa <\/strong>contamos con <strong>m\u00e1s de 25 a\u00f1os<\/strong> dedicados al avistamiento de cet\u00e1ceos. Este proyecto naci\u00f3 del sue\u00f1o de un grupo de <strong>apasionados de la naturaleza,<\/strong> quienes se atrevieron a explorar un sector pr\u00e1cticamente desconocido en Espa\u00f1a en aquel entonces.<figure class=\"wp-block-image size-full\"><img loading=\"lazy\" decoding=\"async\" width=\"1024\" height=\"768\" src=\"https:\/\/turmares.premiumservicios.dev\/wp-content\/uploads\/turmares-patrones-1024.jpg\" alt=\"\" class=\"wp-image-1609\" srcset=\"https:\/\/turmares.premiumservicios.dev\/wp-content\/uploads\/turmares-patrones-1024.jpg 1024w, https:\/\/turmares.premiumservicios.dev\/wp-content\/uploads\/turmares-patrones-1024-768x576.jpg 768w\" sizes=\"auto, (max-width: 1024px) 100vw, 1024px\" \/><\/figure><h2 class=\"wp-block-heading\">Unser <strong>Team<\/strong><\/h2><h3 class=\"wp-block-heading\">{post_title}<\/h3><h5 class=\"wp-block-heading\">{je_trabajadores_puesto}<\/h5><h2 class=\"wp-block-heading\"><strong>Geschichte<\/strong><\/h2><h3 class=\"wp-block-heading\"><strong>Buchen Sie jetzt<\/strong> Ihre Tour,<br\/>unser Team erwartet Sie, um Ihnen <strong>die Wunder der Meerenge<\/strong> zu zeigen<\/h3><div class=\"wp-block-buttons is-layout-flex wp-block-buttons-is-layout-flex\"><div class=\"wp-block-button\"><a class=\"wp-block-button__link\">Tickets<\/a><\/div><\/div><figure class=\"wp-block-image size-full\"><img loading=\"lazy\" decoding=\"async\" width=\"960\" height=\"580\" src=\"https:\/\/turmares.premiumservicios.dev\/wp-content\/uploads\/nuestra-historia-right-2.jpg\" alt=\"\" class=\"wp-image-988\" srcset=\"https:\/\/turmares.premiumservicios.dev\/wp-content\/uploads\/nuestra-historia-right-2.jpg 960w, https:\/\/turmares.premiumservicios.dev\/wp-content\/uploads\/nuestra-historia-right-2-768x464.jpg 768w\" sizes=\"auto, (max-width: 960px) 100vw, 960px\" \/><\/figure><p>Damals wusste man nur wenig \u00fcber die Arten, die man in der Stra\u00dfe von Gibraltar beobachten konnte.\nIm Einklang mit <strong>unserer Philosophie der Entwicklung und Nachhaltigkeit<\/strong> gingen wir einen Schritt weiter und schufen die Figur des <strong>Guides, der auch Biologe und Wissenschaftler<\/strong> ist. Ein Team aus Biologen und Experten verschiedener wissenschaftlicher Disziplinen, die ihr Fachwissen einbringen, um die Erfahrung der Passagiere zu bereichern.\nWir nennen sie alle <strong>Guides<\/strong>. Sie sind daf\u00fcr zust\u00e4ndig, die Passagiere zu informieren und unsere Leidenschaft und unser Wissen \u00fcber diese Arten weiterzugeben. Dar\u00fcber hinaus sammeln sie Sichtungsdaten, fotografieren, und dokumentieren die gewonnenen Informationen und liefern so wertvolles Material f\u00fcr die von unserer wissenschaftlichen Abteilung durchgef\u00fchrten Walforschungen.<\/p>\n<p>Nach der Gr\u00fcndung der Abteilung f\u00fcr Wissenschaft und Bildung mit unseren Biologen und Guides, haben wir auch die Abteilung f\u00fcr audiovisuelle Medien geschaffen, um alle Boote auf unseren Ausfahrten mit professionellen Kameras und Objektiven sowohl f\u00fcr Video als auch f\u00fcr Fotografie auszustatten. Dies ist sowohl f\u00fcr die Fotoidentifizierung und das Filmen des Verhaltens der Wale als auch f\u00fcr die Ver\u00f6ffentlichung von Inhalten unerl\u00e4sslich, da wir so \u00fcber ein umfangreiches Archiv mit qualitativ hochwertigen Fotos verf\u00fcgen, die sowohl f\u00fcr das Marketing als auch f\u00fcr professionelle Produktionsfirmen n\u00fctzlich sind.<br\/>Au\u00dferdem ist es das, was uns als Partner verbindet: unsere gemeinsame Liebe zur Natur, zum Meer und unsere Leidenschaft f\u00fcr das Filmen und Fotografieren.<\/p>","protected":false},"excerpt":{"rendered":"<p>Unser Team und unsere Geschichte Lernen Sie uns kennen Los or\u00edgenes de Turmares se remontan a 1996, cuando uno de los socios fundadores empez\u00f3 a salir en busca de cet\u00e1ceos con los primeros pasajeros. Unos a\u00f1os m\u00e1s tarde, en 1999, la compa\u00f1\u00eda se formaliz\u00f3 y se convirti\u00f3 en la primera empresa en ofrecer avistamiento de [&hellip;]<\/p>\n","protected":false},"author":2,"featured_media":0,"parent":0,"menu_order":0,"comment_status":"closed","ping_status":"closed","template":"","meta":{"_acf_changed":false,"_joinchat":[],"footnotes":""},"class_list":["post-3414","page","type-page","status-publish","hentry"],"acf":[],"_links":{"self":[{"href":"https:\/\/turmares.premiumservicios.dev\/de\/wp-json\/wp\/v2\/pages\/3414","targetHints":{"allow":["GET"]}}],"collection":[{"href":"https:\/\/turmares.premiumservicios.dev\/de\/wp-json\/wp\/v2\/pages"}],"about":[{"href":"https:\/\/turmares.premiumservicios.dev\/de\/wp-json\/wp\/v2\/types\/page"}],"author":[{"embeddable":true,"href":"https:\/\/turmares.premiumservicios.dev\/de\/wp-json\/wp\/v2\/users\/2"}],"replies":[{"embeddable":true,"href":"https:\/\/turmares.premiumservicios.dev\/de\/wp-json\/wp\/v2\/comments?post=3414"}],"version-history":[{"count":18,"href":"https:\/\/turmares.premiumservicios.dev\/de\/wp-json\/wp\/v2\/pages\/3414\/revisions"}],"predecessor-version":[{"id":4864,"href":"https:\/\/turmares.premiumservicios.dev\/de\/wp-json\/wp\/v2\/pages\/3414\/revisions\/4864"}],"wp:attachment":[{"href":"https:\/\/turmares.premiumservicios.dev\/de\/wp-json\/wp\/v2\/media?parent=3414"}],"curies":[{"name":"wp","href":"https:\/\/api.w.org\/{rel}","templated":true}]}}