{"id":3381,"date":"2022-11-03T10:34:26","date_gmt":"2022-11-03T09:34:26","guid":{"rendered":"https:\/\/turmares.premiumservicios.dev\/home\/"},"modified":"2025-02-13T13:49:26","modified_gmt":"2025-02-13T12:49:26","slug":"home","status":"publish","type":"page","link":"https:\/\/turmares.premiumservicios.dev\/en\/","title":{"rendered":"Home"},"content":{"rendered":"<h2 class=\"wp-block-heading\">Respectful whale watching in spain<br\/><strong>guaranteed<\/strong><\/h2>Actividad ideal para <strong>cualquier tipo de p\u00fablico y edad<\/strong>.Visite el Estrecho de Gibraltar <strong>avistando delfines y ballenas en m\u00e1s del 99% de nuestras excursiones<\/strong>.Somos un <strong>equipo pluriling\u00fce<\/strong> de profesionales del mar y bi\u00f3logos.Compartimos nuestros <strong>conocimientos, amor y respeto<\/strong> por estos mam\u00edferos marinos.<figure class=\"wp-block-image size-full\"><img loading=\"lazy\" decoding=\"async\" width=\"1024\" height=\"768\" src=\"https:\/\/turmares.premiumservicios.dev\/wp-content\/uploads\/turmares-delfin-listado-h-3.jpg\" alt=\"\" class=\"wp-image-1129\" srcset=\"https:\/\/turmares.premiumservicios.dev\/wp-content\/uploads\/turmares-delfin-listado-h-3.jpg 1024w, https:\/\/turmares.premiumservicios.dev\/wp-content\/uploads\/turmares-delfin-listado-h-3-768x576.jpg 768w\" sizes=\"auto, (max-width: 1024px) 100vw, 1024px\" \/><\/figure><h3 class=\"wp-block-heading\">{je_fauna_nombre-acortado}<\/h3>+ info<h3 class=\"wp-block-heading\">{je_fauna_nombre-acortado}<\/h3>+ info<h3 class=\"wp-block-heading\">{je_fauna_nombre-acortado}<\/h3>+ info<h3 class=\"wp-block-heading\">{je_fauna_nombre-acortado}<\/h3>+ info<h3 class=\"wp-block-heading\">{je_fauna_nombre-acortado}<\/h3>+ info<h3 class=\"wp-block-heading\">{je_fauna_nombre-acortado}<\/h3>+ info<h3 class=\"wp-block-heading\">{je_fauna_nombre-acortado}<\/h3>+ info<h3 class=\"wp-block-heading\">{post_title}<\/h3><h3 class=\"wp-block-heading\">({je_fauna_nombre-cientifico})<\/h3>{je_fauna_tipo-especie}(post_content)PROBABILIDAD DE AVISTAMIENTOALTA PROBABILIDAD: <span style=\"color:var(--action)\"><strong>{je_fauna_probabilidad-alta-avistamiento}<\/strong><\/span>BAJA PROBABILIDAD: <span style=\"color:var(--action)\"><strong>{je_fauna_probabilidad-baja-avistamiento}<\/strong><\/span><h3 class=\"wp-block-heading\">{post_title}<\/h3><h3 class=\"wp-block-heading\">({je_fauna_nombre-cientifico})<\/h3>{je_fauna_tipo-especie}(post_content)PROBABILIDAD DE AVISTAMIENTOALTA PROBABILIDAD: <span style=\"color:var(--action)\"><strong>{je_fauna_probabilidad-alta-avistamiento}<\/strong><\/span>BAJA PROBABILIDAD: <span style=\"color:var(--action)\"><strong>{je_fauna_probabilidad-baja-avistamiento}<\/strong><\/span><h3 class=\"wp-block-heading\">{post_title}<\/h3><h3 class=\"wp-block-heading\">({je_fauna_nombre-cientifico})<\/h3>{je_fauna_tipo-especie}(post_content)PROBABILIDAD DE AVISTAMIENTOALTA PROBABILIDAD: <span style=\"color:var(--action)\"><strong>{je_fauna_probabilidad-alta-avistamiento}<\/strong><\/span>BAJA PROBABILIDAD: <span style=\"color:var(--action)\"><strong>{je_fauna_probabilidad-baja-avistamiento}<\/strong><\/span><h3 class=\"wp-block-heading\">{post_title}<\/h3><h3 class=\"wp-block-heading\">({je_fauna_nombre-cientifico})<\/h3>{je_fauna_tipo-especie}(post_content)PROBABILIDAD DE AVISTAMIENTOALTA PROBABILIDAD: <span style=\"color:var(--action)\"><strong>{je_fauna_probabilidad-alta-avistamiento}<\/strong><\/span>BAJA PROBABILIDAD: <span style=\"color:var(--action)\"><strong>{je_fauna_probabilidad-baja-avistamiento}<\/strong><\/span><h3 class=\"wp-block-heading\">{post_title}<\/h3><h3 class=\"wp-block-heading\">({je_fauna_nombre-cientifico})<\/h3>{je_fauna_tipo-especie}(post_content)PROBABILIDAD DE AVISTAMIENTOALTA PROBABILIDAD: <span style=\"color:var(--action)\"><strong>{je_fauna_probabilidad-alta-avistamiento}<\/strong><\/span>BAJA PROBABILIDAD: <span style=\"color:var(--action)\"><strong>{je_fauna_probabilidad-baja-avistamiento}<\/strong><\/span><h3 class=\"wp-block-heading\">{post_title}<\/h3><h3 class=\"wp-block-heading\">({je_fauna_nombre-cientifico})<\/h3>{je_fauna_tipo-especie}(post_content)PROBABILIDAD DE AVISTAMIENTOALTA PROBABILIDAD: <span style=\"color:var(--action)\"><strong>{je_fauna_probabilidad-alta-avistamiento}<\/strong><\/span>BAJA PROBABILIDAD: <span style=\"color:var(--action)\"><strong>{je_fauna_probabilidad-baja-avistamiento}<\/strong><\/span><h3 class=\"wp-block-heading\">{post_title}<\/h3><h3 class=\"wp-block-heading\">({je_fauna_nombre-cientifico})<\/h3>{je_fauna_tipo-especie}(post_content)PROBABILIDAD DE AVISTAMIENTOALTA PROBABILIDAD: <span style=\"color:var(--action)\"><strong>{je_fauna_probabilidad-alta-avistamiento}<\/strong><\/span>BAJA PROBABILIDAD: <span style=\"color:var(--action)\"><strong>{je_fauna_probabilidad-baja-avistamiento}<\/strong><\/span>Avistamientos de cet\u00e1ceos respetuosos y <strong>responsables<\/strong>Con nosotros contribuye a la <strong>conservaci\u00f3n<\/strong> de  cet\u00e1ceos y oc\u00e9anosAdaptado para personas con <strong>discapacidad<\/strong>Apto para toda la <strong>familia<\/strong>Personal <strong>pluriling\u00fce<\/strong>, bi\u00f3logos y expertos marinos<strong>Informaci\u00f3n<\/strong> durante y despu\u00e9s de la salidaM\u00e1s del <strong>99%<\/strong>\tde \u00e9xito en\tavistamientos<h2 class=\"has-text-align-left wp-block-heading\">PHOTOS OF THE MARINE FAUNA OF THE STRAIT TAKEN DURING OUR EXCURSIONS<\/h2><h2 class=\"wp-block-heading\">Visit our<br\/>photo gallery<\/h2><h3 class=\"has-text-align-center wp-block-heading\">View Gallery<\/h3><h2 class=\"wp-block-heading\">Our <strong>boats<\/strong><\/h2><h3 class=\"wp-block-heading\">{post_title}<\/h3>{post_excerpt}Reserva+ infoYara Flores<p>INCREDIBLE EXPERIENCE<br\/>We saw 3 species of dolphins and sperm whales.<br\/>A lot of security, a lot of information and, above all, enthusiasm from his team.<br\/>Thanks to Alberto for his enthusiasm and to all the crew members.<br\/>I will repeat for sure<\/p>Cristina Caro<p>Incredible experience yesterday.<br\/>The staff were lovely, you could tell they loved it and gave us information on everything.<br\/>We thought we would only see some dolphins but the willingness of the whole team to see many species meant that we spotted two sperm whales, two rorquals, a sunfish and several dolphins!<br\/>We highly recommend the experience with them!<br\/>If you get dizzy, take biodramine and a sweatshirt, but don&#8217;t forget to do it. !!!!<\/p>Food Tracker<p>If you get dizzy, take biodramine and a sweatshirt, but don&#8217;t forget to do it. !!!!<br\/>The service, comfort and explanation were excellent.<br\/>Also really good value for money<\/p>Miguel Reyes Ruiz<p>Professional and great, Blanca the guide explained everything perfectly, and Kiko the skipper took us directly to the pilot whales, and various types of dolphins to enjoy.<br\/>Highly recommended.<\/p><h2 class=\"wp-block-heading\">Your <strong>reviews<\/strong><\/h2><h1 class=\"wp-block-heading\">Respectful sightings of <span style=\"color: #ffcf24\">dolphins and whales<\/span> in tarifa<\/h1><h2 class=\"wp-block-heading\">Maritime Excursions in the Strait of Gibraltar<\/h2><p><strong>{je_datos-empresa_nombre-fiscal},<\/strong> We are specialists in sea transport of passengers and <strong>responsible whale and dolphin watching trips<\/strong> in the Strait of Gibraltar.<\/p>\n<p>With <strong>scheduled departures and flexible timetables<\/strong>, we offer an unforgettable experience for all nature and marine life lovers.<\/p>\n<p>Book your excursion with us and <strong>witness the amazing marine life<\/strong> while enjoying a <strong>safe and comfortable trip.<\/strong><\/p>\n<p><strong>We are waiting for you to share together the magic of the sea and its wonderful inhabitants!<\/strong><\/p><p>Our modern boats are designed to provide the best possible experience, with <strong>trained and friendly staff<\/strong> to ensure a <strong>pleasant and safe trip.<\/strong> All our <strong>vessels<\/strong> are classified and dispatched as passenger vessels for the purpose of <strong>passenger transport.<\/strong> <\/p>\n<p><strong>We are a company specialising in high quality maritime transport and excursions.<\/strong><\/p><h2 class=\"wp-block-heading\"><strong>Committed<\/strong> to the environment<\/h2><p>Our commitment to the <strong>natural environment and the species<\/strong> that inhabit the Strait of Gibraltar is our priority.<\/p>\n<p>We specialise in <strong>responsible whale and dolphin watching excursions<\/strong>, always respecting the habitat and behaviours of these magnificent creatures.<\/p>\n<p>Join us to <strong>witness marine life up close<\/strong>, in its natural environment, without disturbing its ecosystem.<\/p>\n<p><strong>Our philosophy is based on conservation and respect for the marine environment.<\/strong><\/p>\n<p>All our activities are carried out in accordance with strict <strong>environmental protection regulations<\/strong>, which ensures that our excursions <strong>do not adversely affect the wildlife<\/strong> of the Strait of Gibraltar.<\/p>","protected":false},"excerpt":{"rendered":"<p>Respectful whale watching in spainguaranteed Actividad ideal para cualquier tipo de p\u00fablico y edad.Visite el Estrecho de Gibraltar avistando delfines y ballenas en m\u00e1s del 99% de nuestras excursiones.Somos un equipo pluriling\u00fce de profesionales del mar y bi\u00f3logos.Compartimos nuestros conocimientos, amor y respeto por estos mam\u00edferos marinos. {je_fauna_nombre-acortado} + info {je_fauna_nombre-acortado} + info {je_fauna_nombre-acortado} + [&hellip;]<\/p>\n","protected":false},"author":2,"featured_media":0,"parent":0,"menu_order":0,"comment_status":"closed","ping_status":"closed","template":"","meta":{"_acf_changed":false,"_joinchat":[],"footnotes":""},"class_list":["post-3381","page","type-page","status-publish","hentry"],"acf":[],"_links":{"self":[{"href":"https:\/\/turmares.premiumservicios.dev\/en\/wp-json\/wp\/v2\/pages\/3381","targetHints":{"allow":["GET"]}}],"collection":[{"href":"https:\/\/turmares.premiumservicios.dev\/en\/wp-json\/wp\/v2\/pages"}],"about":[{"href":"https:\/\/turmares.premiumservicios.dev\/en\/wp-json\/wp\/v2\/types\/page"}],"author":[{"embeddable":true,"href":"https:\/\/turmares.premiumservicios.dev\/en\/wp-json\/wp\/v2\/users\/2"}],"replies":[{"embeddable":true,"href":"https:\/\/turmares.premiumservicios.dev\/en\/wp-json\/wp\/v2\/comments?post=3381"}],"version-history":[{"count":12,"href":"https:\/\/turmares.premiumservicios.dev\/en\/wp-json\/wp\/v2\/pages\/3381\/revisions"}],"predecessor-version":[{"id":4840,"href":"https:\/\/turmares.premiumservicios.dev\/en\/wp-json\/wp\/v2\/pages\/3381\/revisions\/4840"}],"wp:attachment":[{"href":"https:\/\/turmares.premiumservicios.dev\/en\/wp-json\/wp\/v2\/media?parent=3381"}],"curies":[{"name":"wp","href":"https:\/\/api.w.org\/{rel}","templated":true}]}}