{"id":4013,"date":"2024-08-16T09:27:43","date_gmt":"2024-08-16T07:27:43","guid":{"rendered":"https:\/\/turmares.premiumservicios.dev\/tarifa\/"},"modified":"2025-02-14T09:41:24","modified_gmt":"2025-02-14T08:41:24","slug":"tarifa","status":"publish","type":"page","link":"https:\/\/turmares.premiumservicios.dev\/en\/tarifa\/","title":{"rendered":"Tarifa"},"content":{"rendered":"Tarifa es un enclave geogr\u00e1fico \u00fanico en el mundo, con un hermoso paisaje natural costero y terrestre muy bien conservado y de alto valor ecol\u00f3gico.<h2 class=\"wp-block-heading\">Los Alcornocales Natural Park (Los Alcornocales Natural Park)<\/h2><strong>El Parque Natural de Los Alcornocales en Tarifa<\/strong> (C\u00e1diz) es un aut\u00e9ntico para\u00edso para los amantes de la naturaleza y la aventura.Belleza esc\u00e9nica y paisajes inigualablesBiodiversidad \u00fanicaRutas de senderismo y aventuraValor cultural e hist\u00f3ricoProtecci\u00f3n y conservaci\u00f3n del medio ambienteEscapada perfecta para desconectarEste extenso parque, que abarca m\u00e1s de 170.000 <strong>hect\u00e1reas,<\/strong> es uno de los<strong> bosques de alcornoques m\u00e1s grandes del mundo<\/strong> y un refugio para una incre\u00edble biodiversidad.Aqu\u00ed le presentamos algunas de las razones por las que debe visitar este impresionante espacio natural.Paisajes espectaculares y vistas panor\u00e1micasRiqueza biol\u00f3gica y observaci\u00f3n de avesActividades al aire libre y aventuraPatrimonio cultural e hist\u00f3ricoConservaci\u00f3n y sostenibilidadEscapada perfecta para la relajaci\u00f3n<h2 class=\"wp-block-heading\">Natural Park of the Strait<\/h2>Ubicado en el punto m\u00e1s meridional de la pen\u00ednsula ib\u00e9rica, el <strong>Parque Natural del Estrecho en Tarifa<\/strong> (C\u00e1diz) es una joya natural que combina una <strong>impresionante biodiversidad con una rica herencia cultural e hist\u00f3rica.<\/strong>Este parque <strong>es un lugar fascinante<\/strong> donde Europa y \u00c1frica casi se tocan y donde el Mediterr\u00e1neo y el Atl\u00e1ntico se encuentran.Aqu\u00ed le presentamos algunas de las razones por las que debe visitar este incre\u00edble parque natural.<p>The extraordinary diversity of landscapes, flora and fauna makes Tarifa <strong>one of Spain&#8217;s top destinations for nature tourism.<\/strong> This unique enclave offers experiences such as whale and bird watching, scuba diving, cycling routes, horse riding and much more.<\/p>\n<p><strong>Tarifa is a magical place<\/strong>, where westerly (Poniente) and easterly (Levante) winds predominate.<\/p>\n<p>These winds can be extremely strong, although it is normal for them to blow continuously with moderate intensity.<\/p>\n<p>This special circumstance has been used as a great opportunity for fun, generating a whole culture, a way of life and a tourist attraction thanks to<strong> water sports<\/strong> that require the power of the wind, such as <strong>windsurfing<\/strong>, <strong>kitesurfing <\/strong>and <strong>windfoil<\/strong>.<\/p>En su territorio existen dos importantes figuras de protecci\u00f3n:<h1 class=\"wp-block-heading\">Tarifa and its surroundings<\/h1>","protected":false},"excerpt":{"rendered":"<p>Tarifa es un enclave geogr\u00e1fico \u00fanico en el mundo, con un hermoso paisaje natural costero y terrestre muy bien conservado y de alto valor ecol\u00f3gico. Los Alcornocales Natural Park (Los Alcornocales Natural Park) El Parque Natural de Los Alcornocales en Tarifa (C\u00e1diz) es un aut\u00e9ntico para\u00edso para los amantes de la naturaleza y la aventura.Belleza [&hellip;]<\/p>\n","protected":false},"author":2,"featured_media":0,"parent":0,"menu_order":0,"comment_status":"closed","ping_status":"closed","template":"","meta":{"_acf_changed":false,"_joinchat":[],"footnotes":""},"class_list":["post-4013","page","type-page","status-publish","hentry"],"acf":[],"_links":{"self":[{"href":"https:\/\/turmares.premiumservicios.dev\/en\/wp-json\/wp\/v2\/pages\/4013","targetHints":{"allow":["GET"]}}],"collection":[{"href":"https:\/\/turmares.premiumservicios.dev\/en\/wp-json\/wp\/v2\/pages"}],"about":[{"href":"https:\/\/turmares.premiumservicios.dev\/en\/wp-json\/wp\/v2\/types\/page"}],"author":[{"embeddable":true,"href":"https:\/\/turmares.premiumservicios.dev\/en\/wp-json\/wp\/v2\/users\/2"}],"replies":[{"embeddable":true,"href":"https:\/\/turmares.premiumservicios.dev\/en\/wp-json\/wp\/v2\/comments?post=4013"}],"version-history":[{"count":5,"href":"https:\/\/turmares.premiumservicios.dev\/en\/wp-json\/wp\/v2\/pages\/4013\/revisions"}],"predecessor-version":[{"id":4887,"href":"https:\/\/turmares.premiumservicios.dev\/en\/wp-json\/wp\/v2\/pages\/4013\/revisions\/4887"}],"wp:attachment":[{"href":"https:\/\/turmares.premiumservicios.dev\/en\/wp-json\/wp\/v2\/media?parent=4013"}],"curies":[{"name":"wp","href":"https:\/\/api.w.org\/{rel}","templated":true}]}}